{"id":2,"date":"2020-11-02T20:00:18","date_gmt":"2020-11-02T20:00:18","guid":{"rendered":"https:\/\/arcoirischiva.es\/?page_id=2"},"modified":"2026-02-07T13:33:24","modified_gmt":"2026-02-07T12:33:24","slug":"pagina-ejemplo","status":"publish","type":"page","link":"https:\/\/arcoirischiva.es\/","title":{"rendered":"Inicio"},"content":{"rendered":"<div class=\"wp-block-image is-resized\">\n<figure class=\"alignright size-large\"><img loading=\"lazy\" decoding=\"async\" width=\"540\" height=\"462\" src=\"https:\/\/arcoirischiva.es\/wp-content\/uploads\/2020\/12\/logo_sello_2.png\" alt=\"\" class=\"wp-image-410\" style=\"width:247px;height:auto\" srcset=\"https:\/\/arcoirischiva.es\/wp-content\/uploads\/2020\/12\/logo_sello_2.png 540w, https:\/\/arcoirischiva.es\/wp-content\/uploads\/2020\/12\/logo_sello_2-300x257.png 300w, https:\/\/arcoirischiva.es\/wp-content\/uploads\/2020\/12\/logo_sello_2-70x60.png 70w\" sizes=\"auto, (max-width: 540px) 100vw, 540px\" \/><\/figure>\n<\/div>\n\n\n<blockquote class=\"wp-block-quote is-layout-flow wp-block-quote-is-layout-flow\">\n<p>\u00a1 Bienvenidos a la web del Club Ciclista Arco Iris Chiva !<\/p>\n\n\n\n<p>Somos una asociaci\u00f3n deportiva (inicialmente Pe\u00f1a Ciclista) fundada en agosto de 1984, actualmente contamos con m\u00e1s de 70 socios que compartimos nuestra afici\u00f3n por el ciclismo, tenemos programadas rutas de ciclismo de carretera todas las semanas (que pueden consultarse en el calendario de eventos de esta web): Los domingos en la temporada de invierno (enero, febrero, noviembre y diciembre), y los s\u00e1bados y domingos en la temporada de rutas oficiales (desde marzo hasta octubre).<\/p>\n<\/blockquote>\n\n\n\n<p class=\"has-text-align-left\">Adicionalmente, tambi\u00e9n existen salidas programadas todos los jueves para el grupo de Jubilados y Em\u00e9ritos (las rutas est\u00e1n disponibles en la secci\u00f3n de Jubilados y Em\u00e9ritos de esta misma web).<\/p>\n\n\n\n<p>Tambi\u00e9n participamos habitualmente en marchas cicloturistas, tanto de la Comunidad Valenciana (Requena, Ayora, Rompecadenas,  Avapace, Federaci\u00f3n Valenciana, etc.) como a nivel nacional (Quebrantahuesos, Andorra, Mallorca, etc.), y excursiones cicloturistas de verano (Pirineos Franceses, Teruel, Alcoi, etc.)<\/p>\n\n\n\n<figure class=\"wp-block-image size-large\"><img loading=\"lazy\" decoding=\"async\" width=\"1024\" height=\"587\" src=\"https:\/\/arcoirischiva.es\/wp-content\/uploads\/2024\/09\/Grupo_1-1024x587.jpeg\" alt=\"\" class=\"wp-image-972\" srcset=\"https:\/\/arcoirischiva.es\/wp-content\/uploads\/2024\/09\/Grupo_1-1024x587.jpeg 1024w, https:\/\/arcoirischiva.es\/wp-content\/uploads\/2024\/09\/Grupo_1-300x172.jpeg 300w, https:\/\/arcoirischiva.es\/wp-content\/uploads\/2024\/09\/Grupo_1-768x440.jpeg 768w, https:\/\/arcoirischiva.es\/wp-content\/uploads\/2024\/09\/Grupo_1-1536x880.jpeg 1536w, https:\/\/arcoirischiva.es\/wp-content\/uploads\/2024\/09\/Grupo_1-2048x1174.jpeg 2048w\" sizes=\"auto, (max-width: 1024px) 100vw, 1024px\" \/><\/figure>\n\n\n\n<figure class=\"wp-block-image size-large\"><img loading=\"lazy\" decoding=\"async\" width=\"1024\" height=\"692\" src=\"https:\/\/arcoirischiva.es\/wp-content\/uploads\/2024\/09\/Grupo_2-1024x692.jpeg\" alt=\"\" class=\"wp-image-973\" srcset=\"https:\/\/arcoirischiva.es\/wp-content\/uploads\/2024\/09\/Grupo_2-1024x692.jpeg 1024w, https:\/\/arcoirischiva.es\/wp-content\/uploads\/2024\/09\/Grupo_2-300x203.jpeg 300w, https:\/\/arcoirischiva.es\/wp-content\/uploads\/2024\/09\/Grupo_2-768x519.jpeg 768w, https:\/\/arcoirischiva.es\/wp-content\/uploads\/2024\/09\/Grupo_2-1536x1039.jpeg 1536w, https:\/\/arcoirischiva.es\/wp-content\/uploads\/2024\/09\/Grupo_2-2048x1385.jpeg 2048w\" sizes=\"auto, (max-width: 1024px) 100vw, 1024px\" \/><\/figure>\n\n\n\n<figure class=\"wp-block-image size-large\"><img loading=\"lazy\" decoding=\"async\" width=\"1024\" height=\"566\" src=\"https:\/\/arcoirischiva.es\/wp-content\/uploads\/2020\/12\/P1060596-1024x566.jpg\" alt=\"\" class=\"wp-image-406\" srcset=\"https:\/\/arcoirischiva.es\/wp-content\/uploads\/2020\/12\/P1060596-1024x566.jpg 1024w, https:\/\/arcoirischiva.es\/wp-content\/uploads\/2020\/12\/P1060596-300x166.jpg 300w, https:\/\/arcoirischiva.es\/wp-content\/uploads\/2020\/12\/P1060596-768x425.jpg 768w, https:\/\/arcoirischiva.es\/wp-content\/uploads\/2020\/12\/P1060596-1536x850.jpg 1536w, https:\/\/arcoirischiva.es\/wp-content\/uploads\/2020\/12\/P1060596-108x60.jpg 108w, https:\/\/arcoirischiva.es\/wp-content\/uploads\/2020\/12\/P1060596.jpg 1871w\" sizes=\"auto, (max-width: 1024px) 100vw, 1024px\" \/><\/figure>\n","protected":false},"excerpt":{"rendered":"<p>\u00a1 Bienvenidos a la web del Club Ciclista Arco Iris Chiva ! Somos una asociaci\u00f3n deportiva (inicialmente Pe\u00f1a Ciclista) fundada en agosto de 1984, actualmente contamos con m\u00e1s de 70 socios que compartimos nuestra afici\u00f3n por el ciclismo, tenemos programadas rutas de ciclismo de carretera todas las semanas (que pueden consultarse en el calendario de &hellip; <\/p>\n","protected":false},"author":1,"featured_media":0,"parent":0,"menu_order":0,"comment_status":"closed","ping_status":"open","template":"","meta":{"footnotes":""},"class_list":["post-2","page","type-page","status-publish","hentry"],"_links":{"self":[{"href":"https:\/\/arcoirischiva.es\/index.php?rest_route=\/wp\/v2\/pages\/2","targetHints":{"allow":["GET"]}}],"collection":[{"href":"https:\/\/arcoirischiva.es\/index.php?rest_route=\/wp\/v2\/pages"}],"about":[{"href":"https:\/\/arcoirischiva.es\/index.php?rest_route=\/wp\/v2\/types\/page"}],"author":[{"embeddable":true,"href":"https:\/\/arcoirischiva.es\/index.php?rest_route=\/wp\/v2\/users\/1"}],"replies":[{"embeddable":true,"href":"https:\/\/arcoirischiva.es\/index.php?rest_route=%2Fwp%2Fv2%2Fcomments&post=2"}],"version-history":[{"count":27,"href":"https:\/\/arcoirischiva.es\/index.php?rest_route=\/wp\/v2\/pages\/2\/revisions"}],"predecessor-version":[{"id":1035,"href":"https:\/\/arcoirischiva.es\/index.php?rest_route=\/wp\/v2\/pages\/2\/revisions\/1035"}],"wp:attachment":[{"href":"https:\/\/arcoirischiva.es\/index.php?rest_route=%2Fwp%2Fv2%2Fmedia&parent=2"}],"curies":[{"name":"wp","href":"https:\/\/api.w.org\/{rel}","templated":true}]}}